{"id":141,"date":"2021-05-05T14:15:43","date_gmt":"2021-05-05T17:15:43","guid":{"rendered":"http:\/\/loumodesto.com\/?page_id=141"},"modified":"2021-05-05T14:15:43","modified_gmt":"2021-05-05T17:15:43","slug":"simple-past","status":"publish","type":"page","link":"https:\/\/loumodesto.com\/index.php\/atividades\/simple-past\/","title":{"rendered":"SIMPLE PAST"},"content":{"rendered":"\n<p class=\"has-text-align-center\">Baixe o v\u00eddeo do canal Ingl\u00eas Minuto sobre o Simple Past no bot\u00e3o abaixo <strong>ou<\/strong> assista ao mesmo v\u00eddeo no link do youtube a seguir.<\/p>\n\n\n\n<div class=\"wp-block-file\"><a href=\"http:\/\/loumodesto.com\/wp-content\/uploads\/2021\/05\/Simple-Past.mp4\">Ingl\u00eas Minuto &#8211; Simple Past<\/a><a href=\"http:\/\/loumodesto.com\/wp-content\/uploads\/2021\/05\/Simple-Past.mp4\" class=\"wp-block-file__button\" download>Baixar<\/a><\/div>\n\n\n\n<figure class=\"wp-block-embed-youtube wp-block-embed is-type-video is-provider-youtube wp-embed-aspect-16-9 wp-has-aspect-ratio\"><div class=\"wp-block-embed__wrapper\">\n<iframe loading=\"lazy\" title=\"Simple Past: aprenda de uma vez por todas! - Aprender Ingl\u00eas\" width=\"700\" height=\"394\" src=\"https:\/\/www.youtube.com\/embed\/X_VxAvZZdXE?feature=oembed\" frameborder=\"0\" allow=\"accelerometer; autoplay; clipboard-write; encrypted-media; gyroscope; picture-in-picture\" allowfullscreen><\/iframe>\n<\/div><\/figure>\n\n\n\n<p><\/p>\n","protected":false},"excerpt":{"rendered":"<p>Baixe o v\u00eddeo do canal Ingl\u00eas Minuto sobre o Simple Past no bot\u00e3o abaixo ou assista ao mesmo v\u00eddeo no link do youtube a seguir.<\/p>\n","protected":false},"author":1,"featured_media":0,"parent":110,"menu_order":0,"comment_status":"closed","ping_status":"closed","template":"","meta":[],"_links":{"self":[{"href":"https:\/\/loumodesto.com\/index.php\/wp-json\/wp\/v2\/pages\/141"}],"collection":[{"href":"https:\/\/loumodesto.com\/index.php\/wp-json\/wp\/v2\/pages"}],"about":[{"href":"https:\/\/loumodesto.com\/index.php\/wp-json\/wp\/v2\/types\/page"}],"author":[{"embeddable":true,"href":"https:\/\/loumodesto.com\/index.php\/wp-json\/wp\/v2\/users\/1"}],"replies":[{"embeddable":true,"href":"https:\/\/loumodesto.com\/index.php\/wp-json\/wp\/v2\/comments?post=141"}],"version-history":[{"count":1,"href":"https:\/\/loumodesto.com\/index.php\/wp-json\/wp\/v2\/pages\/141\/revisions"}],"predecessor-version":[{"id":143,"href":"https:\/\/loumodesto.com\/index.php\/wp-json\/wp\/v2\/pages\/141\/revisions\/143"}],"up":[{"embeddable":true,"href":"https:\/\/loumodesto.com\/index.php\/wp-json\/wp\/v2\/pages\/110"}],"wp:attachment":[{"href":"https:\/\/loumodesto.com\/index.php\/wp-json\/wp\/v2\/media?parent=141"}],"curies":[{"name":"wp","href":"https:\/\/api.w.org\/{rel}","templated":true}]}}