{"id":153,"date":"2021-07-09T11:49:48","date_gmt":"2021-07-09T14:49:48","guid":{"rendered":"http:\/\/loumodesto.com\/?page_id=153"},"modified":"2021-07-09T11:49:48","modified_gmt":"2021-07-09T14:49:48","slug":"ciclo-tres","status":"publish","type":"page","link":"https:\/\/loumodesto.com\/index.php\/atividades\/ciclo-tres\/","title":{"rendered":"v\u00eddeos do ciclo iii"},"content":{"rendered":"\n<p>Logo abaixo voc\u00ea ver\u00e1 quatro v\u00eddeos do canal da professora Vanessa Hauf. <\/p>\n\n\n\n<p>O v\u00eddeo 1 fala sobre Skimming e Scanning, o v\u00eddeo 2 fala sobre Infer\u00eancia contextual, o v\u00eddeo 3 fala sobre Palavras-chave e o v\u00eddeo 4 fala sobre Marcadores discursivos.<\/p>\n\n\n\n<p><strong>Use a internet da escola ou da sua casa pra assistir ou baixar os v\u00eddeos e depois fa\u00e7a um pequeno resumo do que voc\u00ea aprendeu com cada um dos v\u00eddeos na sua folha de respostas.<\/strong><\/p>\n\n\n\n<p>Bom estudo!<\/p>\n\n\n\n<div class=\"wp-block-file\"><a href=\"http:\/\/loumodesto.com\/wp-content\/uploads\/2021\/07\/Skimming-e-scanning.mp4\">Skimming-e-scanning<\/a><a href=\"http:\/\/loumodesto.com\/wp-content\/uploads\/2021\/07\/Skimming-e-scanning.mp4\" class=\"wp-block-file__button\" download>Baixar<\/a><\/div>\n\n\n\n<figure class=\"wp-block-embed-youtube wp-block-embed is-type-video is-provider-youtube wp-embed-aspect-16-9 wp-has-aspect-ratio\"><div class=\"wp-block-embed__wrapper\">\n<iframe loading=\"lazy\" title=\"Como ler em ingl\u00eas - Aula 5 - Skimming e Scanning\" width=\"700\" height=\"394\" src=\"https:\/\/www.youtube.com\/embed\/6DKNnCZ3eLw?list=PLreiMwksv8zy4d0NIa_K1rzwQyVd83i5u\" frameborder=\"0\" allow=\"accelerometer; autoplay; clipboard-write; encrypted-media; gyroscope; picture-in-picture\" allowfullscreen><\/iframe>\n<\/div><\/figure>\n\n\n\n<div class=\"wp-block-file\"><a href=\"http:\/\/loumodesto.com\/wp-content\/uploads\/2021\/07\/Inferencia-contextual.mp4\">Inferencia-contextual<\/a><a href=\"http:\/\/loumodesto.com\/wp-content\/uploads\/2021\/07\/Inferencia-contextual.mp4\" class=\"wp-block-file__button\" download>Baixar<\/a><\/div>\n\n\n\n<figure class=\"wp-block-embed-youtube wp-block-embed is-type-video is-provider-youtube wp-embed-aspect-16-9 wp-has-aspect-ratio\"><div class=\"wp-block-embed__wrapper\">\n<iframe loading=\"lazy\" title=\"Como ler em ingl\u00eas - Aula 7 - Infer\u00eancia Contextual\" width=\"700\" height=\"394\" src=\"https:\/\/www.youtube.com\/embed\/b0MifZ3Doik?list=PLreiMwksv8zy4d0NIa_K1rzwQyVd83i5u\" frameborder=\"0\" allow=\"accelerometer; autoplay; clipboard-write; encrypted-media; gyroscope; picture-in-picture\" allowfullscreen><\/iframe>\n<\/div><\/figure>\n\n\n\n<div class=\"wp-block-file\"><a href=\"http:\/\/loumodesto.com\/wp-content\/uploads\/2021\/07\/Palavras-chave.mp4\">Palavras-chave<\/a><a href=\"http:\/\/loumodesto.com\/wp-content\/uploads\/2021\/07\/Palavras-chave.mp4\" class=\"wp-block-file__button\" download>Baixar<\/a><\/div>\n\n\n\n<figure class=\"wp-block-embed-youtube wp-block-embed is-type-video is-provider-youtube wp-embed-aspect-16-9 wp-has-aspect-ratio\"><div class=\"wp-block-embed__wrapper\">\n<iframe loading=\"lazy\" title=\"Como ler em ingl\u00eas - Aula 8 - Palavras-chave\" width=\"700\" height=\"394\" src=\"https:\/\/www.youtube.com\/embed\/uSzyoIT1MQs?list=PLreiMwksv8zy4d0NIa_K1rzwQyVd83i5u\" frameborder=\"0\" allow=\"accelerometer; autoplay; clipboard-write; encrypted-media; gyroscope; picture-in-picture\" allowfullscreen><\/iframe>\n<\/div><\/figure>\n\n\n\n<div class=\"wp-block-file\"><a href=\"http:\/\/loumodesto.com\/wp-content\/uploads\/2021\/07\/Marcadores-discursivos.mp4\">Marcadores-discursivos<\/a><a href=\"http:\/\/loumodesto.com\/wp-content\/uploads\/2021\/07\/Marcadores-discursivos.mp4\" class=\"wp-block-file__button\" download>Baixar<\/a><\/div>\n\n\n\n<figure class=\"wp-block-embed-youtube wp-block-embed is-type-video is-provider-youtube wp-embed-aspect-16-9 wp-has-aspect-ratio\"><div class=\"wp-block-embed__wrapper\">\n<iframe loading=\"lazy\" title=\"Como ler em ingl\u00eas - Aula 11 - Marcadores Discursivos\" width=\"700\" height=\"394\" src=\"https:\/\/www.youtube.com\/embed\/7FJ_cXfI0uc?list=PLreiMwksv8zy4d0NIa_K1rzwQyVd83i5u\" frameborder=\"0\" allow=\"accelerometer; autoplay; clipboard-write; encrypted-media; gyroscope; picture-in-picture\" allowfullscreen><\/iframe>\n<\/div><\/figure>\n","protected":false},"excerpt":{"rendered":"<p>Logo abaixo voc\u00ea ver\u00e1 quatro v\u00eddeos do canal da professora Vanessa Hauf. O v\u00eddeo 1 fala sobre Skimming e Scanning, o v\u00eddeo 2 fala sobre Infer\u00eancia contextual, o v\u00eddeo 3 fala sobre Palavras-chave e o v\u00eddeo 4 fala sobre Marcadores discursivos. Use a internet da escola ou da sua casa pra assistir ou baixar os [&hellip;]<\/p>\n","protected":false},"author":1,"featured_media":0,"parent":110,"menu_order":0,"comment_status":"closed","ping_status":"closed","template":"","meta":[],"_links":{"self":[{"href":"https:\/\/loumodesto.com\/index.php\/wp-json\/wp\/v2\/pages\/153"}],"collection":[{"href":"https:\/\/loumodesto.com\/index.php\/wp-json\/wp\/v2\/pages"}],"about":[{"href":"https:\/\/loumodesto.com\/index.php\/wp-json\/wp\/v2\/types\/page"}],"author":[{"embeddable":true,"href":"https:\/\/loumodesto.com\/index.php\/wp-json\/wp\/v2\/users\/1"}],"replies":[{"embeddable":true,"href":"https:\/\/loumodesto.com\/index.php\/wp-json\/wp\/v2\/comments?post=153"}],"version-history":[{"count":1,"href":"https:\/\/loumodesto.com\/index.php\/wp-json\/wp\/v2\/pages\/153\/revisions"}],"predecessor-version":[{"id":158,"href":"https:\/\/loumodesto.com\/index.php\/wp-json\/wp\/v2\/pages\/153\/revisions\/158"}],"up":[{"embeddable":true,"href":"https:\/\/loumodesto.com\/index.php\/wp-json\/wp\/v2\/pages\/110"}],"wp:attachment":[{"href":"https:\/\/loumodesto.com\/index.php\/wp-json\/wp\/v2\/media?parent=153"}],"curies":[{"name":"wp","href":"https:\/\/api.w.org\/{rel}","templated":true}]}}